{"id":517,"date":"2017-04-08T18:31:47","date_gmt":"2017-04-08T18:31:47","guid":{"rendered":"http:\/\/ana.ht2.pl\/demo4\/?page_id=517"},"modified":"2022-02-10T14:56:23","modified_gmt":"2022-02-10T13:56:23","slug":"kreativna-agentura-web-stranky-grafika-tlacoviny-reklamne-predmety-a-ine","status":"publish","type":"page","link":"https:\/\/verart.sk\/en\/","title":{"rendered":"Home"},"content":{"rendered":"<div data-vc-full-width=\"true\" data-vc-full-width-init=\"false\" data-vc-stretch-content=\"true\" class=\"vc_row wpb_row vc_row-fluid vc_custom_1478905666384 vc_row-has-fill vc_row-no-padding vc_row-o-full-height vc_row-o-columns-stretch vc_row-o-equal-height vc_row-flex\"><div class=\"wpb_column vc_column_container vc_col-sm-12\"><div class=\"vc_column-inner\"><div class=\"wpb_wrapper\"><div class=\"scene heading-heightfull\" data-limit-x=\"100\">  \n\t\t\t\t<div class=\"layer\" data-depth=\"0.20\">\n\t\t\t\t\t<div class=\"bg1\" style=\"background-image:url(https:\/\/verart.sk\/wp-content\/uploads\/2022\/02\/pozadiee-scaled.jpg);\"><\/div>   \n\t\t\t\t <\/div>\n\t\t\t\t <div class=\"layer\">\n\t\t\t\t\t<div class=\"content-table\"><div class=\"table-middle\" style=\"vertical-align:middle;\"><div class=\"vc_row wpb_row vc_inner vc_row-fluid\"><div class=\"wpb_column vc_column_container vc_col-sm-2\"><div class=\"vc_column-inner\"><div class=\"wpb_wrapper\"><\/div><\/div><\/div><div class=\"wpb_column vc_column_container vc_col-sm-8\"><div class=\"vc_column-inner\"><div class=\"wpb_wrapper\"><div class=\"content-text-rotator  vc_custom_1549723681808\">\n\t\t\t   <div class=\"slideshow slideshow--1728591477 text-uppercase\" data-effect=\"fx18\" data-autoplay=\"4000\">\n\t\t\t\t<div class=\"slide slide--current\"><h1 class=\"title big2 title--centered\" style=\"color:#ffffff;font-weight:900;letter-spacing:3px;\">CREATIVE<\/h1><\/div><div class=\"slide\"><h1 class=\"title big2 title--centered\" style=\"color:#ffffff;font-weight:900;letter-spacing:3px;\">AGENCY<\/h1><\/div>\n\t\t\t\t<\/div>\n\t\t\t<\/div>\n\t<div class=\"wpb_text_column wpb_content_element\" >\n\t\t<div class=\"wpb_wrapper\">\n\t\t\t<h5 style=\"text-align: center;\"><span class=\"bg-color bg-primary\">CONTACT<\/span> <strong><span class=\"bg-color bg-primary\">US<\/span><\/strong>\u00a0<span class=\"bg-color bg-primary\">REGARDING<\/span>\u00a0<strong><span class=\"bg-color bg-primary\">COOPERATION<\/span><\/strong><\/h5>\n\n\t\t<\/div>\n\t<\/div>\n<\/div><\/div><\/div><div class=\"wpb_column vc_column_container vc_col-sm-2\"><div class=\"vc_column-inner\"><div class=\"wpb_wrapper\"><\/div><\/div><\/div><\/div>\n<\/div><\/div>\t     \n\t\t\t\t<\/div>\n\t\t\t<\/div>\n\t\t<\/div><\/div><\/div><\/div><div class=\"vc_row-full-width vc_clearfix\"><\/div>","protected":false},"excerpt":{"rendered":"KREAT\u00cdVNAAGENT\u00daRA KONTAKTUJTE N\u00c1S\u00a0OH\u013dADOM\u00a0SPOLUPR\u00c1CE","protected":false},"author":1,"featured_media":893,"parent":0,"menu_order":0,"comment_status":"closed","ping_status":"closed","template":"","meta":[],"_links":{"self":[{"href":"https:\/\/verart.sk\/en\/wp-json\/wp\/v2\/pages\/517"}],"collection":[{"href":"https:\/\/verart.sk\/en\/wp-json\/wp\/v2\/pages"}],"about":[{"href":"https:\/\/verart.sk\/en\/wp-json\/wp\/v2\/types\/page"}],"author":[{"embeddable":true,"href":"https:\/\/verart.sk\/en\/wp-json\/wp\/v2\/users\/1"}],"replies":[{"embeddable":true,"href":"https:\/\/verart.sk\/en\/wp-json\/wp\/v2\/comments?post=517"}],"version-history":[{"count":24,"href":"https:\/\/verart.sk\/en\/wp-json\/wp\/v2\/pages\/517\/revisions"}],"predecessor-version":[{"id":1098,"href":"https:\/\/verart.sk\/en\/wp-json\/wp\/v2\/pages\/517\/revisions\/1098"}],"wp:featuredmedia":[{"embeddable":true,"href":"https:\/\/verart.sk\/en\/wp-json\/wp\/v2\/media\/893"}],"wp:attachment":[{"href":"https:\/\/verart.sk\/en\/wp-json\/wp\/v2\/media?parent=517"}],"curies":[{"name":"wp","href":"https:\/\/api.w.org\/{rel}","templated":true}]}}