{"id":1161,"date":"2025-01-29T19:25:09","date_gmt":"2025-01-29T18:25:09","guid":{"rendered":"https:\/\/verart.sk\/?page_id=1161"},"modified":"2025-04-22T18:12:58","modified_gmt":"2025-04-22T16:12:58","slug":"sluzby","status":"publish","type":"page","link":"https:\/\/verart.sk\/en\/sluzby\/","title":{"rendered":"Services"},"content":{"rendered":"<div class=\"vc_row wpb_row vc_row-fluid\"><div class=\"wpb_column vc_column_container vc_col-sm-12\"><div class=\"vc_column-inner\"><div class=\"wpb_wrapper\">\n\t<div class=\"wpb_text_column wpb_content_element\" >\n\t\t<div class=\"wpb_wrapper\">\n\t\t\t\n\t\t<\/div>\n\t<\/div>\n<\/div><\/div><\/div><\/div><div data-vc-full-width=\"true\" data-vc-full-width-init=\"false\" data-vc-stretch-content=\"true\" class=\"vc_row wpb_row vc_row-fluid vc_row-no-padding\"><div class=\"wpb_column vc_column_container vc_col-sm-12\"><div class=\"vc_column-inner\"><div class=\"wpb_wrapper\"><div class=\"header-v1 heading-heightfull\">\n\t\t\t\t    <div class=\"bg-color\"><\/div>\n                    <div  class=\"bg image-bg lazy\" data-src=\"https:\/\/verart.sk\/wp-content\/uploads\/2025\/01\/pozadie-ponuka.jpg\" data-stellar-background-ratio=\"0.8\">\n\t\t\t\t\t   <div class=\"bg-opacity\"><\/div>  \n\t\t\t\t   <\/div>\n\t\t\t\t   <div  class=\"title\">\n                       <h1><span>Services<\/span><\/h1><h6><span> Pricing Options  <\/span><\/h6><\/div><div class=\"bg-buttom rotate4 bg-page\"><\/div><div class=\"arrow-down hidden-xs\"><i class=\"ion-ios-arrow-thin-down\"><\/i><\/div><\/div><\/div><\/div><\/div><\/div><div class=\"vc_row-full-width vc_clearfix\"><\/div><div class=\"vc_row wpb_row vc_row-fluid\"><div class=\"wpb_column vc_column_container vc_col-sm-12\"><div class=\"vc_column-inner\"><div class=\"wpb_wrapper\"><div class=\"vc_empty_space\"   style=\"height: 40px\" ><span class=\"vc_empty_space_inner\"><\/span><\/div>\n<\/div><\/div><\/div><\/div><div class=\"vc_row wpb_row vc_row-fluid\"><div class=\"wpb_column vc_column_container vc_col-sm-12\"><div class=\"vc_column-inner\"><div class=\"wpb_wrapper\">\n\t<div class=\"wpb_text_column wpb_content_element\" >\n\t\t<div class=\"wpb_wrapper\">\n\t\t\t<div class=\"vc_row wpb_row vc_row-fluid\"><\/div><div class=\"wpb_column vc_column_container vc_col-sm-12\"><div class=\"vc_column-inner\"><div class=\"wpb_wrapper\"><\/div><\/div><\/div>\n\t<div class=\"wpb_text_column wpb_content_element\" >\n\t\t<div class=\"wpb_wrapper\">\n\t\t\t\n\t\t<\/div>\n\t<\/div>\n\n\t\t<\/div>\n\t<\/div>\n<\/div><\/div><\/div><\/div><div data-vc-full-width=\"true\" data-vc-full-width-init=\"false\" data-vc-stretch-content=\"true\" class=\"vc_row wpb_row vc_row-fluid vc_custom_1489287495105 vc_row-has-fill vc_row-no-padding\"><div class=\"wpb_column vc_column_container vc_col-sm-4 vc_col-has-fill\"><div class=\"vc_column-inner vc_custom_1489286518700\"><div class=\"wpb_wrapper\">\n\t<div class=\"wpb_text_column wpb_content_element\" >\n\t\t<div class=\"wpb_wrapper\">\n\t\t\t<h3 style=\"text-align: center;\">Graphics<strong><span class=\"color-primary\">.<\/span><\/strong><\/h3>\n\n\t\t<\/div>\n\t<\/div>\n<div class=\"vc_tta-container\" data-vc-action=\"collapse\"><div class=\"vc_general vc_tta vc_tta-accordion vc_tta-color-grey vc_tta-style-classic vc_tta-shape-rounded vc_tta-o-shape-group vc_tta-controls-align-left\"><div class=\"vc_tta-panels-container\"><div class=\"vc_tta-panels\"><div class=\"vc_tta-panel vc_active\" id=\"1738179370269-77643f36-aeff\" data-vc-content=\".vc_tta-panel-body\"><div class=\"vc_tta-panel-heading\"><h4 class=\"vc_tta-panel-title vc_tta-controls-icon-position-left\"><a href=\"#1738179370269-77643f36-aeff\" data-vc-accordion data-vc-container=\".vc_tta-container\"><span class=\"vc_tta-title-text\">Custom design<\/span><i class=\"vc_tta-controls-icon vc_tta-controls-icon-plus\"><\/i><\/a><\/h4><\/div><div class=\"vc_tta-panel-body\"><div class=\"timeline-item\">\n                    <div class=\"lt-date-icon\">\n                        <span class=\"tl-icon fa-stack\">\n                            <i class=\"fa fa-square fa-stack-2x color-default bg-default\"><\/i>\n                            <i class=\"fa fa-heart fa-stack-1x fa-inverse color-white\"><\/i>\n                        <\/span>\n                    <\/div>\n                    <div class=\"tl-box anim-shadow\"><h6>[Creative Custom Design | from \u20ac60\u202f\/\u202fhr] <\/h6><\/p>\n<p>A strong visual identity is the key to your brand\u2019s success. We offer comprehensive graphic design services tailored precisely to your needs and goals. Whether it\u2019s about <strong>logo creation, business cards, brochures, banners, or promotional materials.<\/strong>.&nbsp;<\/p>\n<p><\/div>\n                <\/div><\/div><\/div><div class=\"vc_tta-panel\" id=\"1738179370269-4afab322-e4e7\" data-vc-content=\".vc_tta-panel-body\"><div class=\"vc_tta-panel-heading\"><h4 class=\"vc_tta-panel-title vc_tta-controls-icon-position-left\"><a href=\"#1738179370269-4afab322-e4e7\" data-vc-accordion data-vc-container=\".vc_tta-container\"><span class=\"vc_tta-title-text\">Logo Design &amp; Visual Identity<\/span><i class=\"vc_tta-controls-icon vc_tta-controls-icon-plus\"><\/i><\/a><\/h4><\/div><div class=\"vc_tta-panel-body\"><div class=\"timeline-item\">\n                    <div class=\"lt-date-icon\">\n                        <span class=\"tl-icon fa-stack\">\n                            <i class=\"fa fa-square fa-stack-2x color-default bg-default\"><\/i>\n                            <i class=\"fa fa-heart fa-stack-1x fa-inverse color-white\"><\/i>\n                        <\/span>\n                    <\/div>\n                    <div class=\"tl-box anim-shadow\"><h6>[Logo Design &amp; Visual Identity] <\/h6><\/p>\n<p>Basic <strong>logo design<\/strong>or complete <strong>visual identity.<\/strong>Pricing is tailored individually based on your specific requirements.<\/p>\n<p><\/div>\n                <\/div><\/div><\/div><div class=\"vc_tta-panel\" id=\"1738179370270-6ddc8623-9b63\" data-vc-content=\".vc_tta-panel-body\"><div class=\"vc_tta-panel-heading\"><h4 class=\"vc_tta-panel-title vc_tta-controls-icon-position-left\"><a href=\"#1738179370270-6ddc8623-9b63\" data-vc-accordion data-vc-container=\".vc_tta-container\"><span class=\"vc_tta-title-text\">Graphics for Social Media<\/span><i class=\"vc_tta-controls-icon vc_tta-controls-icon-plus\"><\/i><\/a><\/h4><\/div><div class=\"vc_tta-panel-body\"><div class=\"timeline-item\">\n                    <div class=\"lt-date-icon\">\n                        <span class=\"tl-icon fa-stack\">\n                            <i class=\"fa fa-square fa-stack-2x color-default bg-default\"><\/i>\n                            <i class=\"fa fa-heart fa-stack-1x fa-inverse color-white\"><\/i>\n                        <\/span>\n                    <\/div>\n                    <div class=\"tl-box anim-shadow\"><h6>[Graphics for Social Media] <\/h6><\/p>\n<p><strong>Eye-catching and Professional Graphics<\/strong>that work perfectly on websites and social media. From banners and promotional visuals to posts and cover images for Instagram, Facebook, or LinkedIn. A personalized quote will be provided based on additional information.<\/p>\n<p><\/div>\n                <\/div><\/div><\/div><\/div><\/div><\/div><\/div><\/div><\/div><\/div><div class=\"wpb_column vc_column_container vc_col-sm-4 vc_col-has-fill\"><div class=\"vc_column-inner vc_custom_1489287380519\"><div class=\"wpb_wrapper\">\n\t<div class=\"wpb_text_column wpb_content_element\" >\n\t\t<div class=\"wpb_wrapper\">\n\t\t\t<h3 style=\"text-align: center;\">Hosting<strong><span class=\"color-primary\">.<\/span><\/strong><\/h3>\n\n\t\t<\/div>\n\t<\/div>\n<div class=\"vc_tta-container\" data-vc-action=\"collapse\"><div class=\"vc_general vc_tta vc_tta-accordion vc_tta-color-grey vc_tta-style-classic vc_tta-shape-rounded vc_tta-o-shape-group vc_tta-controls-align-left\"><div class=\"vc_tta-panels-container\"><div class=\"vc_tta-panels\"><div class=\"vc_tta-panel vc_active\" id=\"1738179404704-1051fef8-2085\" data-vc-content=\".vc_tta-panel-body\"><div class=\"vc_tta-panel-heading\"><h4 class=\"vc_tta-panel-title vc_tta-controls-icon-position-left\"><a href=\"#1738179404704-1051fef8-2085\" data-vc-accordion data-vc-container=\".vc_tta-container\"><span class=\"vc_tta-title-text\">1GB hosting<\/span><i class=\"vc_tta-controls-icon vc_tta-controls-icon-plus\"><\/i><\/a><\/h4><\/div><div class=\"vc_tta-panel-body\"><div class=\"timeline-item\">\n                    <div class=\"lt-date-icon\">\n                        <span class=\"tl-icon fa-stack\">\n                            <i class=\"fa fa-square fa-stack-2x color-default bg-default\"><\/i>\n                            <i class=\"fa fa-briefcase fa-stack-1x fa-inverse color-white\"><\/i>\n                        <\/span>\n                    <\/div>\n                    <div class=\"tl-box anim-shadow\"><h6>[1GB Hosting | \u20ac50 per Year] <\/h6><\/p>\n<p>Ideal for small web projects, personal websites, or blogs. With this package, you get <strong>1 GB of storage<\/strong> and sufficient performance for basic operation.\nA fast and reliable hosting service that covers your essential needs to get started.<\/p>\n<p><\/div>\n                <\/div><\/div><\/div><div class=\"vc_tta-panel\" id=\"1738179404705-be13991f-3304\" data-vc-content=\".vc_tta-panel-body\"><div class=\"vc_tta-panel-heading\"><h4 class=\"vc_tta-panel-title vc_tta-controls-icon-position-left\"><a href=\"#1738179404705-be13991f-3304\" data-vc-accordion data-vc-container=\".vc_tta-container\"><span class=\"vc_tta-title-text\">3GB hosting<\/span><i class=\"vc_tta-controls-icon vc_tta-controls-icon-plus\"><\/i><\/a><\/h4><\/div><div class=\"vc_tta-panel-body\"><div class=\"timeline-item\">\n                    <div class=\"lt-date-icon\">\n                        <span class=\"tl-icon fa-stack\">\n                            <i class=\"fa fa-square fa-stack-2x color-default bg-default\"><\/i>\n                            <i class=\"fa fa-briefcase fa-stack-1x fa-inverse color-white\"><\/i>\n                        <\/span>\n                    <\/div>\n                    <div class=\"tl-box anim-shadow color-bg-primary\"><h6>[3GB Hosting | \u20ac80 per Year] <\/h6><\/p>\n<p>A perfect choice for medium-sized websites, online stores, or versatile business pages. With <strong>3 GB of storage,<\/strong> you gain greater flexibility for growth and expansion, while maintaining high performance and fast loading speeds.<\/p>\n<p><\/div>\n                <\/div><\/div><\/div><div class=\"vc_tta-panel\" id=\"1738179404706-4a8fa9da-4455\" data-vc-content=\".vc_tta-panel-body\"><div class=\"vc_tta-panel-heading\"><h4 class=\"vc_tta-panel-title vc_tta-controls-icon-position-left\"><a href=\"#1738179404706-4a8fa9da-4455\" data-vc-accordion data-vc-container=\".vc_tta-container\"><span class=\"vc_tta-title-text\">10GB Hosting and More<\/span><i class=\"vc_tta-controls-icon vc_tta-controls-icon-plus\"><\/i><\/a><\/h4><\/div><div class=\"vc_tta-panel-body\"><div class=\"timeline-item\">\n                    <div class=\"lt-date-icon\">\n                        <span class=\"tl-icon fa-stack\">\n                            <i class=\"fa fa-square fa-stack-2x color-default bg-default\"><\/i>\n                            <i class=\"fa fa-briefcase fa-stack-1x fa-inverse color-white\"><\/i>\n                        <\/span>\n                    <\/div>\n                    <div class=\"tl-box anim-shadow\"><h6>[10GB Hosting and Up | Annual Payment from \u20ac90] <\/h6><\/p>\n<p>If you're looking for a more robust hosting solution for larger websites, complex projects, or demanding applications, this package is ideal.\nWith <strong>10 GB of storage or more,<\/strong> you\u2019ll have ample space and power to handle higher traffic while maintaining maximum speed and performance under heavy server loads.<\/p>\n<p><\/div>\n                <\/div><\/div><\/div><\/div><\/div><\/div><\/div><\/div><\/div><\/div><div class=\"wpb_column vc_column_container vc_col-sm-4 vc_col-has-fill\"><div class=\"vc_column-inner vc_custom_1489286537750\"><div class=\"wpb_wrapper\">\n\t<div class=\"wpb_text_column wpb_content_element\" >\n\t\t<div class=\"wpb_wrapper\">\n\t\t\t<h3 style=\"text-align: center;\">Websites<strong><span class=\"color-primary\">.<\/span><\/strong><\/h3>\n\n\t\t<\/div>\n\t<\/div>\n<div class=\"vc_tta-container\" data-vc-action=\"collapse\"><div class=\"vc_general vc_tta vc_tta-accordion vc_tta-color-grey vc_tta-style-classic vc_tta-shape-rounded vc_tta-o-shape-group vc_tta-controls-align-left\"><div class=\"vc_tta-panels-container\"><div class=\"vc_tta-panels\"><div class=\"vc_tta-panel vc_active\" id=\"1738179025879-7e3875e6-cd6c\" data-vc-content=\".vc_tta-panel-body\"><div class=\"vc_tta-panel-heading\"><h4 class=\"vc_tta-panel-title vc_tta-controls-icon-position-left\"><a href=\"#1738179025879-7e3875e6-cd6c\" data-vc-accordion data-vc-container=\".vc_tta-container\"><span class=\"vc_tta-title-text\">Simple websites<\/span><i class=\"vc_tta-controls-icon vc_tta-controls-icon-plus\"><\/i><\/a><\/h4><\/div><div class=\"vc_tta-panel-body\"><div class=\"timeline-item\">\n                    <div class=\"lt-date-icon\">\n                        <span class=\"tl-icon fa-stack\">\n                            <i class=\"fa fa-square fa-stack-2x color-default bg-default\"><\/i>\n                            <i class=\"fa fa-heart fa-stack-1x fa-inverse color-white\"><\/i>\n                        <\/span>\n                    <\/div>\n                    <div class=\"tl-box anim-shadow\"><h6>[Simple Websites] <\/h6><\/p>\n<p>A fast and budget-friendly solution for personal websites, portfolios, or basic business presentations. This package offers a modern design, easy navigation, and full responsiveness on mobile devices. A personalized quote will be prepared based on the additional information provided.<\/p>\n<p><\/div>\n                <\/div><\/div><\/div><div class=\"vc_tta-panel\" id=\"1738179025879-0d6511bf-d31f\" data-vc-content=\".vc_tta-panel-body\"><div class=\"vc_tta-panel-heading\"><h4 class=\"vc_tta-panel-title vc_tta-controls-icon-position-left\"><a href=\"#1738179025879-0d6511bf-d31f\" data-vc-accordion data-vc-container=\".vc_tta-container\"><span class=\"vc_tta-title-text\">Custom-Designed Websites<\/span><i class=\"vc_tta-controls-icon vc_tta-controls-icon-plus\"><\/i><\/a><\/h4><\/div><div class=\"vc_tta-panel-body\"><div class=\"timeline-item\">\n                    <div class=\"lt-date-icon\">\n                        <span class=\"tl-icon fa-stack\">\n                            <i class=\"fa fa-square fa-stack-2x color-default bg-default\"><\/i>\n                            <i class=\"fa fa-heart fa-stack-1x fa-inverse color-white\"><\/i>\n                        <\/span>\n                    <\/div>\n                    <div class=\"tl-box anim-shadow\"><h6>[Custom-Designed Websites] <\/h6><\/p>\n<p>For those who need a unique look and functionality. Our custom website design is tailored to your specific requirements to reflect your brand identity and meet all your business goals. A personalized quote will be prepared based on the additional information provided.<\/p>\n<p><\/div>\n                <\/div><\/div><\/div><div class=\"vc_tta-panel\" id=\"1738179025880-a2c7eb81-12a5\" data-vc-content=\".vc_tta-panel-body\"><div class=\"vc_tta-panel-heading\"><h4 class=\"vc_tta-panel-title vc_tta-controls-icon-position-left\"><a href=\"#1738179025880-a2c7eb81-12a5\" data-vc-accordion data-vc-container=\".vc_tta-container\"><span class=\"vc_tta-title-text\">E-shops<\/span><i class=\"vc_tta-controls-icon vc_tta-controls-icon-plus\"><\/i><\/a><\/h4><\/div><div class=\"vc_tta-panel-body\"><div class=\"timeline-item\">\n                    <div class=\"lt-date-icon\">\n                        <span class=\"tl-icon fa-stack\">\n                            <i class=\"fa fa-square fa-stack-2x color-default bg-default\"><\/i>\n                            <i class=\"fa fa-heart fa-stack-1x fa-inverse color-white\"><\/i>\n                        <\/span>\n                    <\/div>\n                    <div class=\"tl-box anim-shadow\"><h6>[E-shops] <\/h6><\/p>\n<p>A complete solution for online sales.\nWe will create a modern and functional e-shop with an easy-to-manage interface, fully responsive design, and integrated payment methods that simplify the shopping experience for your customers. A personalized quote will be prepared based on the additional information provided.<\/p>\n<p><\/div>\n                <\/div><\/div><\/div><div class=\"vc_tta-panel\" id=\"1745328300602-b06add9d-f6f6\" data-vc-content=\".vc_tta-panel-body\"><div class=\"vc_tta-panel-heading\"><h4 class=\"vc_tta-panel-title vc_tta-controls-icon-position-left\"><a href=\"#1745328300602-b06add9d-f6f6\" data-vc-accordion data-vc-container=\".vc_tta-container\"><span class=\"vc_tta-title-text\">Additional Edits<\/span><i class=\"vc_tta-controls-icon vc_tta-controls-icon-plus\"><\/i><\/a><\/h4><\/div><div class=\"vc_tta-panel-body\"><div class=\"timeline-item\">\n                    <div class=\"lt-date-icon\">\n                        <span class=\"tl-icon fa-stack\">\n                            <i class=\"fa fa-square fa-stack-2x color-default bg-default\"><\/i>\n                            <i class=\"fa fa-heart fa-stack-1x fa-inverse color-white\"><\/i>\n                        <\/span>\n                    <\/div>\n                    <div class=\"tl-box anim-shadow\"><h6>[Additional Edits] <\/h6><p class=\"\" data-start=\"327\" data-end=\"463\"><strong data-start=\"327\" data-end=\"352\">Additional Edits<\/strong> are provided individually based on your current needs. Pricing depends on the scope and technical complexity of the requested changes. <strong data-start=\"471\" data-end=\"494\">Standard content updates<\/strong> (texts, images, forms) without code modifications: <strong data-start=\"543\" data-end=\"551\">40 \u20ac<\/strong><span data-start=\"543\" data-end=\"551\">. <\/span><strong data-start=\"558\" data-end=\"578\">Technical edits<\/strong> (HTML code, page structure, scripts): <strong data-start=\"630\" data-end=\"638\">60 \u20ac <\/strong>If needed, I\u2019ll be happy to provide <strong data-start=\"682\" data-end=\"706\">a non-binding price<\/strong> estimate tailored to your requirements.\nAll prices are final \u2013 I am not a VAT payer.<\/p><\/div>\n                <\/div><\/div><\/div><\/div><\/div><\/div><\/div><\/div><\/div><\/div><\/div><div class=\"vc_row-full-width vc_clearfix\"><\/div><div class=\"vc_row wpb_row vc_row-fluid\"><div class=\"wpb_column vc_column_container vc_col-sm-12\"><div class=\"vc_column-inner\"><div class=\"wpb_wrapper\">\n\t<div class=\"wpb_text_column wpb_content_element\" >\n\t\t<div class=\"wpb_wrapper\">\n\t\t\t<p>\n<!-- \/wp:shortcode --><\/p>\n<p><!-- wp:paragraph --><\/p>\n\n\t\t<\/div>\n\t<\/div>\n<\/div><\/div><\/div><\/div><div class=\"vc_row wpb_row vc_row-fluid\"><div class=\"wpb_column vc_column_container vc_col-sm-12\"><div class=\"vc_column-inner\"><div class=\"wpb_wrapper\"><div class=\"vc_empty_space\"   style=\"height: 10px\" ><span class=\"vc_empty_space_inner\"><\/span><\/div>\n<\/div><\/div><\/div><\/div><div class=\"vc_row wpb_row vc_row-fluid\"><div class=\"wpb_column vc_column_container vc_col-sm-12\"><div class=\"vc_column-inner\"><div class=\"wpb_wrapper\">\n\t<div class=\"wpb_text_column wpb_content_element\" >\n\t\t<div class=\"wpb_wrapper\">\n\t\t\t<p>\n<!-- \/wp:paragraph --><\/p>\n\n\t\t<\/div>\n\t<\/div>\n<\/div><\/div><\/div><\/div>","protected":false},"excerpt":{"rendered":"Slu\u017eby - cenov\u00e9 mo\u017enosti - Grafick\u00e9 pr\u00e1ce. Dizajn na mieru [Kreat\u00edvny dizajn na mieru | od 60\u20ac \u00e1 hod] Siln\u00fd vizu\u00e1l je k\u013e\u00fa\u010dom k \u00faspechu va\u0161ej zna\u010dky. Pon\u00fakame komplexn\u00e9 grafick\u00e9 slu\u017eby, ktor\u00e9 prisp\u00f4sob\u00edme presne pod\u013ea va\u0161ich potrieb a cie\u013eov. \u010ci u\u017e ide o tvorbu loga, vizitiek, bro\u017e\u00far, bannerov, reklamn\u00fdch materi\u00e1lov.&nbsp; Tvorba loga a vizu\u00e1lnej identity [...]","protected":false},"author":1,"featured_media":0,"parent":0,"menu_order":0,"comment_status":"closed","ping_status":"closed","template":"","meta":[],"_links":{"self":[{"href":"https:\/\/verart.sk\/en\/wp-json\/wp\/v2\/pages\/1161"}],"collection":[{"href":"https:\/\/verart.sk\/en\/wp-json\/wp\/v2\/pages"}],"about":[{"href":"https:\/\/verart.sk\/en\/wp-json\/wp\/v2\/types\/page"}],"author":[{"embeddable":true,"href":"https:\/\/verart.sk\/en\/wp-json\/wp\/v2\/users\/1"}],"replies":[{"embeddable":true,"href":"https:\/\/verart.sk\/en\/wp-json\/wp\/v2\/comments?post=1161"}],"version-history":[{"count":8,"href":"https:\/\/verart.sk\/en\/wp-json\/wp\/v2\/pages\/1161\/revisions"}],"predecessor-version":[{"id":1184,"href":"https:\/\/verart.sk\/en\/wp-json\/wp\/v2\/pages\/1161\/revisions\/1184"}],"wp:attachment":[{"href":"https:\/\/verart.sk\/en\/wp-json\/wp\/v2\/media?parent=1161"}],"curies":[{"name":"wp","href":"https:\/\/api.w.org\/{rel}","templated":true}]}}